{"id":57,"date":"2012-04-19T19:57:06","date_gmt":"2012-04-19T19:57:06","guid":{"rendered":"http:\/\/mchead.net\/newmchosting\/?page_id=38"},"modified":"2012-04-19T19:57:06","modified_gmt":"2012-04-19T19:57:06","slug":"cenik-doplnkovych-sluzeb","status":"publish","type":"page","link":"https:\/\/www.mchosting.net\/?page_id=57","title":{"rendered":"Cen\u00edk dopl\u0148kov\u00fdch slu\u017eeb"},"content":{"rendered":"<h2>Zv\u011bt\u0161en\u00ed kapacity hostingu<\/h2>\n<table>\n<tr>\n<th>V programu<\/th>\n<th>Roz\u0161\u00ed\u0159en\u00ed o kapacitu<\/th>\n<th>Cena za 1 m\u011bs\u00edc*<\/th>\n<\/tr>\n<tr>\n<td>McBasic<\/td>\n<td class=\"center\">1GB<\/td>\n<td class=\"center\"><strong>20 K\u010d<\/strong><\/td>\n<\/tr>\n<tr>\n<td>McClassic<\/td>\n<td class=\"center\">1GB<\/td>\n<td class=\"center\"><strong>20 K\u010d<\/strong><\/td>\n<\/tr>\n<tr>\n<td><\/td>\n<td class=\"center\">5GB<\/td>\n<td class=\"center\"><strong>80 K\u010d<\/strong><\/td>\n<\/tr>\n<tr>\n<td>McComfort<\/td>\n<td class=\"center\">1GB<\/td>\n<td class=\"center\"><strong>20 K\u010d<\/strong><\/td>\n<\/tr>\n<tr>\n<td><\/td>\n<td class=\"center\">5GB<\/td>\n<td class=\"center\"><strong>80 K\u010d<\/strong><\/td>\n<\/tr>\n<tr>\n<td><\/td>\n<td class=\"center\">10GB<\/td>\n<td class=\"center\"><strong>120 K\u010d<\/strong><\/td>\n<\/tr>\n<\/table>\n<p>* minim\u00e1ln\u00ed platba za zv\u00fd\u0161enou kapacitu je na 1 rok<\/p>\n<h2>IP adresa na hosting<\/h2>\n<p>IP adresa k libovoln\u00e9mu hostingu &#8230;<\/p>\n<h2>P\u0159id\u00e1n\u00ed datab\u00e1ze<\/h2>\n<p>Datab\u00e1ze je zpoplatn\u011bna jednor\u00e1zov\u00fdm aktiva\u010dn\u00edm\u00a0poplatkem k jednotliv\u00fdm hostingov\u00fdm pl\u00e1n\u016fm.<\/p>\n<p>+1 datab\u00e1ze MySQL &#8230; <strong>250 K\u010d<\/strong><\/p>\n<h2>P\u0159id\u00e1n\u00ed emailov\u00fdch \u00fa\u010dt\u016f<\/h2>\n<table>\n<tr>\n<th>Po\u010det \u00fa\u010dt\u016f<\/th>\n<th>Cena za 1 m\u011bs\u00edc*<\/th>\n<\/tr>\n<tr>\n<td>+ 1<\/td>\n<td class=\"center\"><strong>10 K\u010d<\/strong><\/td>\n<\/tr>\n<tr>\n<td>+ 5<\/td>\n<td class=\"center\"><strong>30 K\u010d<\/strong><\/td>\n<\/tr>\n<tr>\n<td>+ 10<\/td>\n<td class=\"center\"><strong>50 K\u010d<\/strong><\/td>\n<\/tr>\n<tr>\n<td>+ 50<\/td>\n<td class=\"center\"><strong>150 K\u010d<\/strong><\/td>\n<\/tr>\n<\/table>\n<p>* minim\u00e1ln\u00ed platba za zv\u00fd\u0161en\u00fd po\u010det emailov\u00fdch \u00fa\u010dt\u016f je na 1 rok<\/p>\n","protected":false},"excerpt":{"rendered":"<p>Zv\u011bt\u0161en\u00ed kapacity hostingu V programu Roz\u0161\u00ed\u0159en\u00ed o kapacitu Cena za 1 m\u011bs\u00edc* McBasic 1GB 20 K\u010d McClassic 1GB 20 K\u010d 5GB 80 K\u010d McComfort 1GB 20 K\u010d 5GB 80 K\u010d 10GB 120 K\u010d * minim\u00e1ln\u00ed platba za zv\u00fd\u0161enou kapacitu je <a class=\"more-link\" href=\"https:\/\/www.mchosting.net\/?page_id=57\">Continue reading <span class=\"screen-reader-text\">  Cen\u00edk dopl\u0148kov\u00fdch slu\u017eeb<\/span><span class=\"meta-nav\">&rarr;<\/span><\/a><\/p>\n","protected":false},"author":1,"featured_media":0,"parent":0,"menu_order":0,"comment_status":"closed","ping_status":"closed","template":"","meta":[],"_links":{"self":[{"href":"https:\/\/www.mchosting.net\/index.php?rest_route=\/wp\/v2\/pages\/57"}],"collection":[{"href":"https:\/\/www.mchosting.net\/index.php?rest_route=\/wp\/v2\/pages"}],"about":[{"href":"https:\/\/www.mchosting.net\/index.php?rest_route=\/wp\/v2\/types\/page"}],"author":[{"embeddable":true,"href":"https:\/\/www.mchosting.net\/index.php?rest_route=\/wp\/v2\/users\/1"}],"replies":[{"embeddable":true,"href":"https:\/\/www.mchosting.net\/index.php?rest_route=%2Fwp%2Fv2%2Fcomments&post=57"}],"version-history":[{"count":0,"href":"https:\/\/www.mchosting.net\/index.php?rest_route=\/wp\/v2\/pages\/57\/revisions"}],"wp:attachment":[{"href":"https:\/\/www.mchosting.net\/index.php?rest_route=%2Fwp%2Fv2%2Fmedia&parent=57"}],"curies":[{"name":"wp","href":"https:\/\/api.w.org\/{rel}","templated":true}]}}