{"id":42,"date":"2012-04-19T19:49:00","date_gmt":"2012-04-19T19:49:00","guid":{"rendered":"http:\/\/mchead.net\/newmchosting\/?page_id=33"},"modified":"2012-04-19T19:49:00","modified_gmt":"2012-04-19T19:49:00","slug":"hostingove-programy","status":"publish","type":"page","link":"https:\/\/www.mchosting.net\/?page_id=42","title":{"rendered":"Hostingov\u00e9 programy"},"content":{"rendered":"<table>\n<tbody>\n<tr>\n<td><\/td>\n<th>McBasic<\/th>\n<th>McClassic<\/th>\n<th>McComfort<\/th>\n<\/tr>\n<tr>\n<td>Velikost prostoru pro ulo\u017een\u00ed str\u00e1nek<\/td>\n<td>100MB<\/td>\n<td>5GB<\/td>\n<td>20GB<\/td>\n<\/tr>\n<tr>\n<td>Po\u010det e-malov\u00fdch schr\u00e1nek<\/td>\n<td>1<\/td>\n<td>10<\/td>\n<td>50<\/td>\n<\/tr>\n<tr>\n<td>Webmail<\/td>\n<td>ANO<\/td>\n<td>ANO<\/td>\n<td>ANO<\/td>\n<\/tr>\n<tr>\n<td>POP3, IMAP4, SMTP + SSL\/TLS varianty<\/td>\n<td>ANO<\/td>\n<td>ANO<\/td>\n<td>ANO<\/td>\n<\/tr>\n<tr>\n<td>PHP5<\/td>\n<td>NE<\/td>\n<td>ANO<\/td>\n<td>ANO<\/td>\n<\/tr>\n<tr>\n<td>MySQL 5.1<\/td>\n<td>NE<\/td>\n<td>(1 datab\u00e1ze)<\/td>\n<td>(5 datab\u00e1z\u00ed)<\/td>\n<\/tr>\n<tr>\n<td>Antivir, Antispam<\/td>\n<td>ANO<\/td>\n<td>ANO<\/td>\n<td>ANO<\/td>\n<\/tr>\n<tr>\n<td>Statistiky p\u0159\u00edstup\u016f AWStats, Webalizer<\/td>\n<td>ANO<\/td>\n<td>ANO<\/td>\n<td>ANO<\/td>\n<\/tr>\n<tr>\n<td>Neomezen\u00fd p\u0159enos dat<\/td>\n<td>ANO<\/td>\n<td>ANO<\/td>\n<td>ANO<\/td>\n<\/tr>\n<tr>\n<td>Individu\u00e1ln\u00ed chybov\u00e9 str\u00e1nky<\/td>\n<td>ANO<\/td>\n<td>ANO<\/td>\n<td>ANO<\/td>\n<\/tr>\n<tr>\n<td>Cena za m\u011bs\u00edc<\/td>\n<td><strong>60 K\u010d<\/strong><\/td>\n<td><strong>100 K\u010d<\/strong><\/td>\n<td><strong>250 K\u010d<\/strong><\/td>\n<\/tr>\n<\/tbody>\n<\/table>\n","protected":false},"excerpt":{"rendered":"<p>McBasic McClassic McComfort Velikost prostoru pro ulo\u017een\u00ed str\u00e1nek 100MB 5GB 20GB Po\u010det e-malov\u00fdch schr\u00e1nek 1 10 50 Webmail ANO ANO ANO POP3, IMAP4, SMTP + SSL\/TLS varianty ANO ANO ANO PHP5 NE ANO ANO MySQL 5.1 NE (1 datab\u00e1ze) (5 <a class=\"more-link\" href=\"https:\/\/www.mchosting.net\/?page_id=42\">Continue reading <span class=\"screen-reader-text\">  Hostingov\u00e9 programy<\/span><span class=\"meta-nav\">&rarr;<\/span><\/a><\/p>\n","protected":false},"author":1,"featured_media":0,"parent":0,"menu_order":0,"comment_status":"closed","ping_status":"closed","template":"","meta":[],"_links":{"self":[{"href":"https:\/\/www.mchosting.net\/index.php?rest_route=\/wp\/v2\/pages\/42"}],"collection":[{"href":"https:\/\/www.mchosting.net\/index.php?rest_route=\/wp\/v2\/pages"}],"about":[{"href":"https:\/\/www.mchosting.net\/index.php?rest_route=\/wp\/v2\/types\/page"}],"author":[{"embeddable":true,"href":"https:\/\/www.mchosting.net\/index.php?rest_route=\/wp\/v2\/users\/1"}],"replies":[{"embeddable":true,"href":"https:\/\/www.mchosting.net\/index.php?rest_route=%2Fwp%2Fv2%2Fcomments&post=42"}],"version-history":[{"count":0,"href":"https:\/\/www.mchosting.net\/index.php?rest_route=\/wp\/v2\/pages\/42\/revisions"}],"wp:attachment":[{"href":"https:\/\/www.mchosting.net\/index.php?rest_route=%2Fwp%2Fv2%2Fmedia&parent=42"}],"curies":[{"name":"wp","href":"https:\/\/api.w.org\/{rel}","templated":true}]}}