{"id":39,"date":"2012-04-19T13:36:38","date_gmt":"2012-04-19T12:36:38","guid":{"rendered":"http:\/\/mchead.net\/newmchosting\/?page_id=15"},"modified":"2021-06-29T08:49:47","modified_gmt":"2021-06-29T07:49:47","slug":"mchosting","status":"publish","type":"page","link":"https:\/\/www.mchosting.net\/","title":{"rendered":"McHosting"},"content":{"rendered":"<h1>Upgrade serveru<\/h1>\n<p>Ve \u010dtvrtek 9.2.2017 ve ve\u010dern\u00edch hodin\u00e1ch dojde k <a href=\"http:\/\/www.mchosting.net\/?p=154\">upgrade webhostingov\u00e9ho serveru webdroid.cz<\/a>.<\/p>\n<p>Tato akce navazuje na <a href=\"http:\/\/www.mchosting.net\/?p=147\">podobn\u00fd upgrade<\/a>. z ned\u011ble 11.11.2016.<\/p>\n","protected":false},"excerpt":{"rendered":"<p>Upgrade serveru Ve \u010dtvrtek 9.2.2017 ve ve\u010dern\u00edch hodin\u00e1ch dojde k upgrade webhostingov\u00e9ho serveru webdroid.cz. Tato akce navazuje na podobn\u00fd upgrade. z ned\u011ble 11.11.2016.<\/p>\n","protected":false},"author":1,"featured_media":0,"parent":0,"menu_order":0,"comment_status":"closed","ping_status":"closed","template":"","meta":[],"_links":{"self":[{"href":"https:\/\/www.mchosting.net\/index.php?rest_route=\/wp\/v2\/pages\/39"}],"collection":[{"href":"https:\/\/www.mchosting.net\/index.php?rest_route=\/wp\/v2\/pages"}],"about":[{"href":"https:\/\/www.mchosting.net\/index.php?rest_route=\/wp\/v2\/types\/page"}],"author":[{"embeddable":true,"href":"https:\/\/www.mchosting.net\/index.php?rest_route=\/wp\/v2\/users\/1"}],"replies":[{"embeddable":true,"href":"https:\/\/www.mchosting.net\/index.php?rest_route=%2Fwp%2Fv2%2Fcomments&post=39"}],"version-history":[{"count":8,"href":"https:\/\/www.mchosting.net\/index.php?rest_route=\/wp\/v2\/pages\/39\/revisions"}],"predecessor-version":[{"id":157,"href":"https:\/\/www.mchosting.net\/index.php?rest_route=\/wp\/v2\/pages\/39\/revisions\/157"}],"wp:attachment":[{"href":"https:\/\/www.mchosting.net\/index.php?rest_route=%2Fwp%2Fv2%2Fmedia&parent=39"}],"curies":[{"name":"wp","href":"https:\/\/api.w.org\/{rel}","templated":true}]}}