{"id":37,"date":"2012-04-16T11:46:10","date_gmt":"2012-04-16T10:46:10","guid":{"rendered":"http:\/\/mchead.net\/newmchosting\/?page_id=2"},"modified":"2021-06-29T08:52:57","modified_gmt":"2021-06-29T07:52:57","slug":"sample-page-2","status":"publish","type":"page","link":"https:\/\/www.mchosting.net\/?page_id=37","title":{"rendered":"Kontakt"},"content":{"rendered":"<div class=\"one-half\">\n<h3>McHosting.net<\/h3>\n<p><strong>Ing. Ji\u0159\u00ed Sl\u00e9\u017eka DiS.<br \/>\n<\/strong><\/p>\n<address>Lidick\u00e1 723\/3<br \/>\n746 01 Opava<br \/>\n\u010cesk\u00e1 Republika<\/address>\n<address>e-mail: info@mchosting.net<br \/>\nmobil: 728 306 229<\/address>\n<h3>Kontaktn\u00ed formul\u00e1\u0159:<\/h3>\n<address><div role=\"form\" class=\"wpcf7\" id=\"wpcf7-f83-o1\" dir=\"ltr\">\n<div class=\"screen-reader-response\"><p role=\"status\" aria-live=\"polite\" aria-atomic=\"true\"><\/p> <ul><\/ul><\/div>\n<form action=\"\/index.php?rest_route=%2Fwp%2Fv2%2Fpages%2F37#wpcf7-f83-o1\" method=\"post\" class=\"wpcf7-form init\" novalidate=\"novalidate\" data-status=\"init\">\n<div style=\"display: none;\">\n<input type=\"hidden\" name=\"_wpcf7\" value=\"83\" \/>\n<input type=\"hidden\" name=\"_wpcf7_version\" value=\"5.5.6\" \/>\n<input type=\"hidden\" name=\"_wpcf7_locale\" value=\"\" \/>\n<input type=\"hidden\" name=\"_wpcf7_unit_tag\" value=\"wpcf7-f83-o1\" \/>\n<input type=\"hidden\" name=\"_wpcf7_container_post\" value=\"0\" \/>\n<input type=\"hidden\" name=\"_wpcf7_posted_data_hash\" value=\"\" \/>\n<\/div>\n<p>Va\u0161e jm\u00e9no (vy\u017eadov\u00e1no)<br \/>\n    <span class=\"wpcf7-form-control-wrap your-name\"><input type=\"text\" name=\"your-name\" value=\"\" size=\"40\" class=\"wpcf7-form-control wpcf7-text wpcf7-validates-as-required\" aria-required=\"true\" aria-invalid=\"false\" \/><\/span> <\/p>\n<p>V\u00e1\u0161 Email (vy\u017eadov\u00e1no)<br \/>\n    <span class=\"wpcf7-form-control-wrap your-email\"><input type=\"email\" name=\"your-email\" value=\"\" size=\"40\" class=\"wpcf7-form-control wpcf7-text wpcf7-email wpcf7-validates-as-required wpcf7-validates-as-email\" aria-required=\"true\" aria-invalid=\"false\" \/><\/span> <\/p>\n<p>P\u0159edm\u011bt zpr\u00e1vy<br \/>\n    <span class=\"wpcf7-form-control-wrap your-subject\"><input type=\"text\" name=\"your-subject\" value=\"\" size=\"40\" class=\"wpcf7-form-control wpcf7-text\" aria-invalid=\"false\" \/><\/span> <\/p>\n<p>Va\u0161e zpr\u00e1va<br \/>\n    <span class=\"wpcf7-form-control-wrap your-message\"><textarea name=\"your-message\" cols=\"40\" rows=\"10\" class=\"wpcf7-form-control wpcf7-textarea\" aria-invalid=\"false\"><\/textarea><\/span> <\/p>\n<p><span class=\"wpcf7-form-control-wrap quiz-325\"><label><span class=\"wpcf7-quiz-label\">Pro ochranu p\u0159ed roboty odpov\u011bzte na ot\u00e1zku: 3+7=<\/span> <input type=\"text\" name=\"quiz-325\" size=\"40\" class=\"wpcf7-form-control wpcf7-quiz\" autocomplete=\"off\" aria-required=\"true\" aria-invalid=\"false\" \/><\/label><input type=\"hidden\" name=\"_wpcf7_quiz_answer_quiz-325\" value=\"97af7f655991865bff77c17ecad7104f\" \/><\/span><\/p>\n<p><input type=\"submit\" value=\"Odeslat\" class=\"wpcf7-form-control has-spinner wpcf7-submit\" \/><\/p>\n<div class=\"wpcf7-response-output\" aria-hidden=\"true\"><\/div><\/form><\/div><\/address>\n<\/div>\n","protected":false},"excerpt":{"rendered":"<p>McHosting.net Ing. Ji\u0159\u00ed Sl\u00e9\u017eka DiS. Lidick\u00e1 723\/3 746 01 Opava \u010cesk\u00e1 Republika e-mail: info@mchosting.net mobil: 728 306 229 Kontaktn\u00ed formul\u00e1\u0159:<\/p>\n","protected":false},"author":1,"featured_media":0,"parent":0,"menu_order":0,"comment_status":"closed","ping_status":"closed","template":"","meta":[],"_links":{"self":[{"href":"https:\/\/www.mchosting.net\/index.php?rest_route=\/wp\/v2\/pages\/37"}],"collection":[{"href":"https:\/\/www.mchosting.net\/index.php?rest_route=\/wp\/v2\/pages"}],"about":[{"href":"https:\/\/www.mchosting.net\/index.php?rest_route=\/wp\/v2\/types\/page"}],"author":[{"embeddable":true,"href":"https:\/\/www.mchosting.net\/index.php?rest_route=\/wp\/v2\/users\/1"}],"replies":[{"embeddable":true,"href":"https:\/\/www.mchosting.net\/index.php?rest_route=%2Fwp%2Fv2%2Fcomments&post=37"}],"version-history":[{"count":5,"href":"https:\/\/www.mchosting.net\/index.php?rest_route=\/wp\/v2\/pages\/37\/revisions"}],"predecessor-version":[{"id":168,"href":"https:\/\/www.mchosting.net\/index.php?rest_route=\/wp\/v2\/pages\/37\/revisions\/168"}],"wp:attachment":[{"href":"https:\/\/www.mchosting.net\/index.php?rest_route=%2Fwp%2Fv2%2Fmedia&parent=37"}],"curies":[{"name":"wp","href":"https:\/\/api.w.org\/{rel}","templated":true}]}}