{"id":164,"date":"2018-05-25T16:10:09","date_gmt":"2018-05-25T15:10:09","guid":{"rendered":"http:\/\/www.mchosting.net\/?page_id=164"},"modified":"2018-05-25T16:10:09","modified_gmt":"2018-05-25T15:10:09","slug":"ochrana-osobnich-udaju","status":"publish","type":"page","link":"https:\/\/www.mchosting.net\/?page_id=164","title":{"rendered":"Ochrana osobn\u00edch \u00fadaj\u016f"},"content":{"rendered":"<h2>Kdo jsme<\/h2>\n<p>Jsme webhostingov\u00e1 spole\u010dnost, kter\u00e1 sv\u00e9 slu\u017eby nab\u00edz\u00ed na adres\u00e1ch <a href=\"https:\/\/www.mchosting.net\">https:\/\/www.mchosting.net<\/a> a <a href=\"https:\/\/www.webdroid.cz\">https:\/\/www.webdroid.cz<\/a>.<\/p>\n<h2>Jak\u00e9 osobn\u00ed \u00fadaje zpracov\u00e1v\u00e1me<\/h2>\n<p>O na\u0161ich z\u00e1kazn\u00edc\u00edch zpracov\u00e1v\u00e1me tyto osobn\u00ed \u00fadaje:<\/p>\n<ul>\n<li>Jm\u00e9no a p\u0159\u00edjmen\u00ed<\/li>\n<li>N\u00e1zev spole\u010dnosti, pokud existuje<\/li>\n<li>I\u010cO\/DI\u010c, pokud existuje<\/li>\n<li>Adresa<\/li>\n<li>E-mail<\/li>\n<li>Telefonn\u00ed \u010d\u00edslo<\/li>\n<\/ul>\n<p>Tyto \u00fadaje zpracov\u00e1v\u00e1me z d\u016fvodu spln\u011bn\u00ed pr\u00e1vn\u00ed povinnosti (fakturace slu\u017eeb). Mimo tuto povinnost Va\u0161e data nesd\u00edl\u00edme s \u017e\u00e1dnou t\u0159et\u00ed stranou.<\/p>\n<p>P\u0159ehled o Va\u0161ich aktu\u00e1ln\u00edch \u00fadaj\u00edch naleznete v administraci webhostingu na adrese <a href=\"https:\/\/admin.mchosting.net\">https:\/\/admin.mchosting.net<\/a> a tamt\u00e9\u017e si je m\u016f\u017eete sami spravovat a aktualizovat. M\u016f\u017eete takt\u00e9\u017e po\u017e\u00e1dat o smaz\u00e1n\u00ed Va\u0161ich osobn\u00edch dat, s v\u00fdjimkou dat, kter\u00e9 uchov\u00e1v\u00e1me z administrativn\u00edch, z\u00e1konn\u00fdch nebo bezpe\u010dnostn\u00edch d\u016fvod\u016f. V tomto p\u0159\u00edpad\u011b n\u00e1s kontaktujte na e-mailu <a href=\"mailto:info@mchosting.net\">info@mchosting.net<\/a>.<\/p>\n<p>&nbsp;<\/p>\n","protected":false},"excerpt":{"rendered":"<p>Kdo jsme Jsme webhostingov\u00e1 spole\u010dnost, kter\u00e1 sv\u00e9 slu\u017eby nab\u00edz\u00ed na adres\u00e1ch https:\/\/www.mchosting.net a https:\/\/www.webdroid.cz. Jak\u00e9 osobn\u00ed \u00fadaje zpracov\u00e1v\u00e1me O na\u0161ich z\u00e1kazn\u00edc\u00edch zpracov\u00e1v\u00e1me tyto osobn\u00ed \u00fadaje: Jm\u00e9no a p\u0159\u00edjmen\u00ed N\u00e1zev spole\u010dnosti, pokud existuje I\u010cO\/DI\u010c, pokud existuje Adresa E-mail Telefonn\u00ed \u010d\u00edslo Tyto <a class=\"more-link\" href=\"https:\/\/www.mchosting.net\/?page_id=164\">Continue reading <span class=\"screen-reader-text\">  Ochrana osobn\u00edch \u00fadaj\u016f<\/span><span class=\"meta-nav\">&rarr;<\/span><\/a><\/p>\n","protected":false},"author":1,"featured_media":0,"parent":0,"menu_order":0,"comment_status":"closed","ping_status":"closed","template":"","meta":[],"_links":{"self":[{"href":"https:\/\/www.mchosting.net\/index.php?rest_route=\/wp\/v2\/pages\/164"}],"collection":[{"href":"https:\/\/www.mchosting.net\/index.php?rest_route=\/wp\/v2\/pages"}],"about":[{"href":"https:\/\/www.mchosting.net\/index.php?rest_route=\/wp\/v2\/types\/page"}],"author":[{"embeddable":true,"href":"https:\/\/www.mchosting.net\/index.php?rest_route=\/wp\/v2\/users\/1"}],"replies":[{"embeddable":true,"href":"https:\/\/www.mchosting.net\/index.php?rest_route=%2Fwp%2Fv2%2Fcomments&post=164"}],"version-history":[{"count":1,"href":"https:\/\/www.mchosting.net\/index.php?rest_route=\/wp\/v2\/pages\/164\/revisions"}],"predecessor-version":[{"id":165,"href":"https:\/\/www.mchosting.net\/index.php?rest_route=\/wp\/v2\/pages\/164\/revisions\/165"}],"wp:attachment":[{"href":"https:\/\/www.mchosting.net\/index.php?rest_route=%2Fwp%2Fv2%2Fmedia&parent=164"}],"curies":[{"name":"wp","href":"https:\/\/api.w.org\/{rel}","templated":true}]}}